{"id":8304,"date":"2023-01-16T15:28:28","date_gmt":"2023-01-16T15:28:28","guid":{"rendered":"https:\/\/saias.it\/?page_id=8304"},"modified":"2023-07-24T14:12:27","modified_gmt":"2023-07-24T14:12:27","slug":"cronoprogramma-delle-attivita","status":"publish","type":"page","link":"https:\/\/saias.it\/?page_id=8304","title":{"rendered":"Attivit\u00e0 e Risultati"},"content":{"rendered":"<p>[vc_row full_width=&#8221;stretch_row&#8221; content_placement=&#8221;middle&#8221; parallax=&#8221;content-moving&#8221; parallax_image=&#8221;8241&#8243; css_animation=&#8221;none&#8221; css=&#8221;.vc_custom_1689783387972{padding-top: 65px !important;padding-bottom: 70px !important;background: #f4f7fc url(https:\/\/saias.it\/wp-content\/uploads\/2023\/01\/sfondo-sais.png?id=8324);}&#8221; el_id=&#8221;business-services&#8221;][vc_column css=&#8221;.vc_custom_1525510700234{background-position: center !important;background-repeat: no-repeat !important;background-size: cover !important;}&#8221;]\n        <div class=\"rs-heading   border-style center\">\n        \t<div class=\"title-inner\">\n\t            \n\t            <h2>SAIAS<\/h2>\n\t        <\/div><div class=\"description\"><p ><\/p>\n<p style=\"text-align: center;\">Sistema di Alimentazione Ibrido ad Alto Spunto<\/p>\n<p><\/p><\/div><\/div>[vc_row_inner][vc_column_inner]\n\t\t<div class=\"rs-services1\">\n\t\t<div class=\"services-wrap  \"> \n         <div class=\"services-item\">\n            <div class=\"services-icon\">\n                <a href=\"#\"><i class=\"vc_icon_element-icon fas fa-battery-quarter\"><\/i><\/a>\n             <\/div>\n        \n\t\t\t<div class=\"services-desc\">\n\t\t\t\t<h2 class=\"services-title\"><a href=\"#\">Task 1: Sviluppo e definizione della tecnologia a supercapacitori in un sistema di alimentazione ad alto spunto<\/a><\/h2>\n\t\t\t\t<\/p>\n<blockquote><p>[M1-M4]<\/p><\/blockquote>\n<ul>\n<li>Supercapacitori, tecnologia ad elettrolita e sviluppi della tecnologia allo stato solido; riduzione dell\u2019impatto ambientale<\/li>\n<li>Modalit\u00e0 ed uso dei moduli a supercapacitori nei diversi ambiti applicativi; sicurezza e trasportabilit\u00e0<\/li>\n<li>Architettura di un modulo ibrido a supercapacitori, integrazione di un sistema di alimentazione ad alto spunto<\/li>\n<li>Architettura del sistema di Energy storage derivante da fonti rinnovabili ed attuale distribuzione elettrica<\/li>\n<\/ul>\n<p> \n\t\t\t\t<\/div>\n\t\t\t<\/div>\t\n\t\t<\/div><\/div>\n\t\n\t\t<div class=\"rs-services1\">\n\t\t<div class=\"services-wrap  \"> \n         <div class=\"services-item\">\n            <div class=\"services-icon\">\n                <a href=\"#\"><i class=\"vc_icon_element-icon fas fa-battery-half\"><\/i><\/a>\n             <\/div>\n        \n\t\t\t<div class=\"services-desc\">\n\t\t\t\t<h2 class=\"services-title\"><a href=\"#\">Task 2: Modulo ibrido, integrazione Batteria\/Supercapacitore<\/a><\/h2>\n\t\t\t\t<\/p>\n<blockquote><p>[M3-M8]<\/p><\/blockquote>\n<ul>\n<li>Progettazione dello schema elettrico di un modulo assoluto a supercapacitori e moduli ibridi<\/li>\n<li>Progettazione delle schede elettroniche di controllo e sviluppo dell\u2019interfaccia software<\/li>\n<li>Progettazione di un sistema di alimentazione ad alto spunto per infrastrutture industriali ed urbane<\/li>\n<\/ul>\n<p> \n\t\t\t\t<\/div>\n\t\t\t<\/div>\t\n\t\t<\/div><\/div>\n\t\n\t\t<div class=\"rs-services1\">\n\t\t<div class=\"services-wrap  \"> \n         <div class=\"services-item\">\n            <div class=\"services-icon\">\n                <a href=\"#\"><i class=\"vc_icon_element-icon fas fa-battery-three-quarters\"><\/i><\/a>\n             <\/div>\n        \n\t\t\t<div class=\"services-desc\">\n\t\t\t\t<h2 class=\"services-title\"><a href=\"#\">Task 3: Sviluppo di un prototipo di modulo ibrido a supercapacitori per un sistema di alimentazione ad alto spunto<\/a><\/h2>\n\t\t\t\t<\/p>\n<blockquote><p>[M7 &#8211; M12]<\/p><\/blockquote>\n<ul>\n<li>Sviluppo di un modulo ibrido e del modulo di controllo elettronico<\/li>\n<li>Sviluppo dell\u2019interfaccia di ricarica<\/li>\n<li>Sviluppo di un sistema di alimentazione ad alto spunto con moduli assoluti e ibridi<\/li>\n<li>Testing e collaudo<\/li>\n<\/ul>\n<p> \n\t\t\t\t<\/div>\n\t\t\t<\/div>\t\n\t\t<\/div><\/div>\n\t\n\t\t<div class=\"rs-services1\">\n\t\t<div class=\"services-wrap  \"> \n         <div class=\"services-item\">\n            <div class=\"services-icon\">\n                <a href=\"#\"><i class=\"vc_icon_element-icon fas fa-battery-full\"><\/i><\/a>\n             <\/div>\n        \n\t\t\t<div class=\"services-desc\">\n\t\t\t\t<h2 class=\"services-title\"><a href=\"#\">Task 4: Diffusione e disseminazione<\/a><\/h2>\n\t\t\t\t<\/p>\n<blockquote><p>[M12]<\/p><\/blockquote>\n<p> \n\t\t\t\t<\/div>\n\t\t\t<\/div>\t\n\t\t<\/div><\/div>\n\t\n\t\t<div class=\"rs-services1\">\n\t\t<div class=\"services-wrap  \"> \n         <div class=\"services-item\">\n            <div class=\"services-icon\">\n                <a href=\"#\"><i class=\"vc_icon_element-icon fas fa-stamp\"><\/i><\/a>\n             <\/div>\n        \n\t\t\t<div class=\"services-desc\">\n\t\t\t\t<h2 class=\"services-title\"><a href=\"#\">Domanda di brevetto in elaborazione<\/a><\/h2>\n\t\t\t\t \n\t\t\t\t<\/div>\n\t\t\t<\/div>\t\n\t\t<\/div><\/div>\n\t[\/vc_column_inner][\/vc_row_inner][\/vc_column][\/vc_row][vc_row full_width=&#8221;stretch_row&#8221; content_placement=&#8221;middle&#8221; parallax=&#8221;content-moving&#8221; css_animation=&#8221;none&#8221; css=&#8221;.vc_custom_1686153439342{background-color: #f2f2f2 !important;}&#8221;][vc_column width=&#8221;1\/3&#8243; css=&#8221;.vc_custom_1525510700234{background-position: center !important;background-repeat: no-repeat !important;background-size: cover !important;}&#8221;][vc_column_text]<\/p>\n<div style=\"width: 640px;\" class=\"wp-video\"><!--[if lt IE 9]><script>document.createElement('video');<\/script><![endif]-->\n<video class=\"wp-video-shortcode\" id=\"video-8304-1\" width=\"640\" height=\"1138\" poster=\"https:\/\/saias.it\/wp-content\/uploads\/2023\/03\/sfondosaias3-scaled.jpg\" muted preload=\"metadata\" controls=\"controls\"><source type=\"video\/mp4\" src=\"https:\/\/saias.it\/wp-content\/uploads\/2023\/07\/IMG_6053.mp4?_=1\" \/><a href=\"https:\/\/saias.it\/wp-content\/uploads\/2023\/07\/IMG_6053.mp4\">https:\/\/saias.it\/wp-content\/uploads\/2023\/07\/IMG_6053.mp4<\/a><\/video><\/div>\n<p>[\/vc_column_text][\/vc_column][vc_column width=&#8221;2\/3&#8243;]\n        <div class=\"rs-heading   vc_custom_1690206924457  \">\n        \t<div class=\"title-inner\">\n\t            \n\t            <h2>Innovazione Tecnologica<\/h2>\n\t        <\/div><\/div>[vc_column_text]Da un punto di vista della tecnologia che si vuole implementare, si avr\u00e0 un sistema che rispetto all\u2019attuale offerta del mercato, risulta essere estremamente compatto e soprattutto non invasivo.<\/p>\n<p>Ma cosa si intende per non invasivo?<\/p>\n<p>Per \u201cnon invasivo\u201d, si intende un sistema che ha un impatto visivo e quindi architettonico prossimo allo zero, questo grazie ad un progetto di ricerca e sviluppo che la societ\u00e0 Opus Automazione S.p.A. sta portando avanti. Il prototipo, oramai in via di definizione, sar\u00e0 a tutti gli effetti un sistema di ricarica ad alta potenza in grado per\u00f2 di essere installato sotto il livello del suolo rendendo disponibile alla superficie il solo bocchettone di ricarica, questo sia per veicoli in DC che quelli pi\u00f9 classici e comuni AC.[\/vc_column_text][\/vc_column][\/vc_row][vc_row full_width=&#8221;stretch_row&#8221; content_placement=&#8221;middle&#8221; parallax=&#8221;content-moving&#8221; css_animation=&#8221;none&#8221; css=&#8221;.vc_custom_1686153439342{background-color: #f2f2f2 !important;}&#8221;][vc_column css=&#8221;.vc_custom_1525510700234{background-position: center !important;background-repeat: no-repeat !important;background-size: cover !important;}&#8221;]\n        <div class=\"rs-heading   vc_custom_1690207517811  \">\n        \t<div class=\"title-inner\">\n\t            \n\t            <h2>Scheda Tecnica<\/h2>\n\t        <\/div><\/div>[\/vc_column][vc_column width=&#8221;1\/2&#8243;][vc_single_image image=&#8221;8521&#8243; img_size=&#8221;full&#8221;][\/vc_column][vc_column width=&#8221;1\/2&#8243;][vc_single_image image=&#8221;8522&#8243; img_size=&#8221;full&#8221;][\/vc_column][vc_column][vc_column_text]<\/p>\n<p style=\"text-align: center;\"><a class=\"readon-border\" href=\"https:\/\/saias.it\/wp-content\/uploads\/2023\/07\/datasheet-saias_18_7.pdf\" target=\"_blank\" rel=\"noopener\">Scarica la scheda tecnica<\/a><\/p>\n<p>[\/vc_column_text][\/vc_column][\/vc_row][vc_row full_width=&#8221;stretch_row&#8221; content_placement=&#8221;middle&#8221; parallax=&#8221;content-moving&#8221; css_animation=&#8221;none&#8221; css=&#8221;.vc_custom_1686153439342{background-color: #f2f2f2 !important;}&#8221;][vc_column css=&#8221;.vc_custom_1525510700234{background-position: center !important;background-repeat: no-repeat !important;background-size: cover !important;}&#8221;]\n        <div class=\"rs-heading   vc_custom_1686152536952  \">\n        \t<div class=\"title-inner\">\n\t            \n\t            <h2>Attivit\u00e0 di diffusione dei risultati del progetto<\/h2>\n\t        <\/div><\/div>\n        <div class=\"rs-heading style1  vc_custom_1686152808596  \">\n        \t<div class=\"title-inner\">\n\t            \n\t            <h2>Partecipazione a Innovation Village 2023<\/h2>\n\t        <\/div><div class=\"description\"><p ><strong>Innovation Village \u00e8 una fiera evento sull\u2019innovazione<\/strong> e la promozione di circuiti collaborativi fra ricerca e imprese, prodotta e commercializzata in esclusiva da Knowledge for Business; sostenuta dalla Regione Campania &#8211; Assessorato alla Ricerca, Innovazione e Startup, co-organizzata con Sviluppo Campania, il nodo ENEA &#8211; Enterprise Europe Network della Campania, TecUp e vari altri partner tra cui le universit\u00e0 della Campania, il CNR, distretti ad alta tecnologia, ordini professionali ed aziende. <strong>Obiettivo principale<\/strong> della manifestazione \u00e8 promuovere lo scambio di fabbisogni, idee e conoscenze tra i soggetti pubblici e privati che compongono l\u2019Ecosistema dell\u2019Innovazione e co-progettare soluzioni tecnologiche innovative e funzionali attraverso la creazione di circuiti collaborativi fra ricerca e imprese in ottica di Open Innovation.<\/p><\/div><\/div>[vc_column_text]<\/p>\n<blockquote><p>Nell&#8217;ambito dell&#8217;ottava edizione di Innovation Village \u00e8 stata svolta attivit\u00e0 di presentazione del Progetto SAIAS, finalizzata alla valorizzazione, promozione, diffusione e disseminazione dei risultati conseguiti.<\/p><\/blockquote>\n<p>Il Progetto SAIAS \u00e8 stato presente con uno spazio dedicato nell\u2019area espositiva e di networking.[\/vc_column_text][\/vc_column][vc_column width=&#8221;1\/2&#8243;][vc_column_text]<\/p>\n<p style=\"text-align: center;\"><iframe loading=\"lazy\" title=\"YouTube video player\" src=\"https:\/\/www.youtube.com\/embed\/ZZCq-9CfYk4\" width=\"560\" height=\"315\" frameborder=\"0\" allowfullscreen=\"allowfullscreen\"><\/iframe><\/p>\n<p>[\/vc_column_text][\/vc_column][vc_column width=&#8221;1\/2&#8243;][vc_column_text]<\/p>\n<p style=\"text-align: center;\"><iframe loading=\"lazy\" title=\"YouTube video player\" src=\"https:\/\/www.youtube.com\/embed\/VvBddlzseuQ\" width=\"560\" height=\"315\" frameborder=\"0\" allowfullscreen=\"allowfullscreen\"><span data-mce-type=\"bookmark\" style=\"display: inline-block; width: 0px; overflow: hidden; line-height: 0;\" class=\"mce_SELRES_start\">\ufeff<\/span><\/iframe><\/p>\n<p>[\/vc_column_text][\/vc_column][\/vc_row][vc_row full_width=&#8221;stretch_row&#8221; content_placement=&#8221;middle&#8221; parallax=&#8221;content-moving&#8221; css_animation=&#8221;none&#8221; css=&#8221;.vc_custom_1690207934506{padding-top: 30px !important;padding-bottom: 70px !important;background-color: #f2f2f2 !important;background-position: 0 0;background-repeat: repeat !important;}&#8221;][vc_column css=&#8221;.vc_custom_1525510700234{background-position: center !important;background-repeat: no-repeat !important;background-size: cover !important;}&#8221;][vc_row_inner css=&#8221;.vc_custom_1686156448040{margin-bottom: 20px !important;}&#8221;][vc_column_inner]\n        <div class=\"rs-heading style1  vc_custom_1686154140426  \">\n        \t<div class=\"title-inner\">\n\t            \n\t            <h2>Presenza nell\u2019area espositiva e di tech transfer<\/h2>\n\t        <\/div><\/div>[vc_gallery type=&#8221;image_grid&#8221; images=&#8221;8515,8516&#8243; img_size=&#8221;300&#215;300&#8243;][\/vc_column_inner][\/vc_row_inner][\/vc_column][\/vc_row]<\/p>\n","protected":false},"excerpt":{"rendered":"<p>[vc_row full_width=&#8221;stretch_row&#8221; content_placement=&#8221;middle&#8221; parallax=&#8221;content-moving&#8221; parallax_image=&#8221;8241&#8243; css_animation=&#8221;none&#8221; css=&#8221;.vc_custom_1689783387972{padding-top: 65px !important;padding-bottom: 70px !important;background: #f4f7fc url(https:\/\/saias.it\/wp-content\/uploads\/2023\/01\/sfondo-sais.png?id=8324);}&#8221; el_id=&#8221;business-services&#8221;][vc_column css=&#8221;.vc_custom_1525510700234{background-position: center !important;background-repeat: no-repeat !important;background-size: cover !important;}&#8221;][vc_row_inner][vc_column_inner][\/vc_column_inner][\/vc_row_inner][\/vc_column][\/vc_row][vc_row full_width=&#8221;stretch_row&#8221;&#8230;<\/p>\n","protected":false},"author":1,"featured_media":0,"parent":0,"menu_order":0,"comment_status":"closed","ping_status":"closed","template":"","meta":{"footnotes":""},"class_list":["post-8304","page","type-page","status-publish","hentry"],"acf":[],"_links":{"self":[{"href":"https:\/\/saias.it\/index.php?rest_route=\/wp\/v2\/pages\/8304","targetHints":{"allow":["GET"]}}],"collection":[{"href":"https:\/\/saias.it\/index.php?rest_route=\/wp\/v2\/pages"}],"about":[{"href":"https:\/\/saias.it\/index.php?rest_route=\/wp\/v2\/types\/page"}],"author":[{"embeddable":true,"href":"https:\/\/saias.it\/index.php?rest_route=\/wp\/v2\/users\/1"}],"replies":[{"embeddable":true,"href":"https:\/\/saias.it\/index.php?rest_route=%2Fwp%2Fv2%2Fcomments&post=8304"}],"version-history":[{"count":24,"href":"https:\/\/saias.it\/index.php?rest_route=\/wp\/v2\/pages\/8304\/revisions"}],"predecessor-version":[{"id":8524,"href":"https:\/\/saias.it\/index.php?rest_route=\/wp\/v2\/pages\/8304\/revisions\/8524"}],"wp:attachment":[{"href":"https:\/\/saias.it\/index.php?rest_route=%2Fwp%2Fv2%2Fmedia&parent=8304"}],"curies":[{"name":"wp","href":"https:\/\/api.w.org\/{rel}","templated":true}]}}