{"id":8259,"date":"2022-12-28T16:21:19","date_gmt":"2022-12-28T16:21:19","guid":{"rendered":"https:\/\/saias.it\/?page_id=8259"},"modified":"2023-06-21T09:22:35","modified_gmt":"2023-06-21T09:22:35","slug":"gli-obiettivi","status":"publish","type":"page","link":"https:\/\/saias.it\/?page_id=8259","title":{"rendered":"Il Progetto"},"content":{"rendered":"<p>[vc_row full_width=&#8221;stretch_row&#8221; parallax=&#8221;content-moving&#8221; parallax_image=&#8221;8324&#8243; css=&#8221;.vc_custom_1675092577243{padding-top: 58px !important;padding-bottom: 0px !important;}&#8221; el_id=&#8221;about-me&#8221;][vc_column]\n        <div class=\"rs-heading   vc_custom_1656065512742 border-style \">\n        \t<div class=\"title-inner\">\n\t            \n\t            <h2>Il PROGETTO<\/h2>\n\t        <\/div><div class=\"description\"><p >Obiettivi<\/p><\/div><\/div>[vc_column_text]Il progetto del \u201cSistema di Alimentazione Ibrido ad Alto Spunto\u201d \u00e8 incentrato sulle attivit\u00e0 di ricerca industriale e sviluppo sperimentale per la realizzazione di un sistema in grado, attraverso la tecnologia innovativa dei Supercapacitor e di un\u2019architettura ibrida e connessa alle comuni batterie, di immagazzinare un\u2019elevata quantit\u00e0 di energia che pu\u00f2 fornire, in caso di necessit\u00e0, elevate potenze.<\/p>\n<p>L\u2019energia potr\u00e0 essere accumulata ad esempio nelle ore notturne quando i carichi elettrici da cui attingere sono maggiormente disponibili e\/o provenire da fonti rinnovabili.<\/p>\n<p>Il sistema permetter\u00e0 di accumulare l\u2019energia necessaria a soddisfare un certo numero di ricariche giornaliere che, in pochissimo tempo (nell\u2019ordine di pochi minuti) possano garantire un certo kilometraggio in un contesto come quello della mobilit\u00e0 in ambito cittadino.<\/p>\n<p>Rispetto alla tecnologia oggi conosciuta, tale sistema presenta una forte innovazione legata sia a concetti di integrazione in contesti urbani, industriali e rurali senza modificarne l\u2019architettura; sia di permettere l\u2019accumulo nelle ore a minore impatto energetico come ad esempio negli orari notturni, di grosse quantit\u00e0 di energia; sia fornire in pochi minuti un adeguato carico energetico.<\/p>\n<p>Il sistema non funger\u00e0 solo da stazione di ricarica innovativa, ma potr\u00e0 essere integrato, grazie a sviluppi futuri, in apparati di propulsione efficientandone consumi, emissioni e prestazioni per la movimentazione di grossi carichi, grazie alle elevate quantit\u00e0 di potenza erogate, cosa che ad oggi i sistemi attualmente in commercio non permettono di fare in maniera efficiente.<\/p>\n<p>L\u2019impiego del SAIAS per la ricarica di apparati elettrici adibiti alla movimentazione cittadina che in contesti come quelli di centri urbani di medie grandi dimensioni pu\u00f2 risolvere problematiche legate sia agli spazi disponibili, sia al tempo necessario per effettuare ricariche. Difatti, il vero e proprio core \u00e8 rappresentato dal sistema di Energy Storage il quale presenta caratteristiche mai viste prima di compattezza, affidabilit\u00e0, efficienza ed usabilit\u00e0 in contesti come quelli urbani e di difficile integrazione infrastrutturale.<\/p>\n<p>In sintesi, raggiunti gli obiettivi realizzativi ed i requisiti funzionali prefissati, il prodotto risultante dovr\u00e0 essere vendibile e quindi adeguato alle esigenze del mercato, un mercato che possa andare oltre i settori di riferimento di opus, che risulti ampio ed appetibile, e che si rivolga ad un\u2019utenza con una spiccata sensibilit\u00e0 per i problemi ambientali, che sia animata dalla volont\u00e0 di essere parte attiva del cambiamento green attraverso l\u2019uso sempre pi\u00f9 spinto di fonti rinnovabili.[\/vc_column_text][\/vc_column][\/vc_row][vc_row full_width=&#8221;stretch_row&#8221; gap=&#8221;35&#8243; content_placement=&#8221;middle&#8221; css=&#8221;.vc_custom_1533287200118{padding-top: 56px !important;padding-bottom: 25px !important;background-color: #f5f5f5 !important;}&#8221; el_id=&#8221;rs-services&#8221; el_class=&#8221;service-square-effect&#8221;][vc_column]\n        <div class=\"rs-heading   vc_custom_1675091975721  center\">\n        \t<div class=\"title-inner\">\n\t            \n\t            <h2><span class=\"watermark\">Plus<\/span>Punti di Forza<\/h2>\n\t        <\/div><div class=\"description\"><p >L\u2019utilizzo di SAIAS apporta sostanziali vantaggi in tutte quelle applicazioni dove \u00e8 necessario riportare il livello di carica della batteria del EV entro una certa soglia stimata a circa il 20% senza dover necessariamente procedere ad una carica completa.<\/p>\n<p>Risulta quindi evidente come sia logico, nei centri urbani, immaginare un dispositivo di ricarica progettato pi\u00f9 per un \u201cripristino veloce\u201d che per la ricarica totale.<\/p><\/div><\/div>[vc_row_inner][vc_column_inner width=&#8221;1\/3&#8243;]\n\t\t<div class=\"rs-services1\">\n\t\t<div class=\"services-wrap  \"> \n         <div class=\"services-item\">\n            <div class=\"services-icon\">\n                <a href=\"#\"><i class=\"vc_icon_element-icon fas fa-shield-alt\"><\/i><\/a>\n             <\/div>\n        \n\t\t\t<div class=\"services-desc\">\n\t\t\t\t<h2 class=\"services-title\"><a href=\"#\">Sicurezza ed operativit\u00e0<\/a><\/h2>\n\t\t\t\tin un ampio range di temperatura \n\t\t\t\t<\/div>\n\t\t\t<\/div>\t\n\t\t<\/div><\/div>\n\t\n\t\t<div class=\"rs-services1\">\n\t\t<div class=\"services-wrap  \"> \n         <div class=\"services-item\">\n            <div class=\"services-icon\">\n                <a href=\"#\"><i class=\"vc_icon_element-icon fas fa-plug\"><\/i><\/a>\n             <\/div>\n        \n\t\t\t<div class=\"services-desc\">\n\t\t\t\t<h2 class=\"services-title\"><a href=\"#\">Erogazione di correnti elevate<\/a><\/h2>\n\t\t\t\tin tempi brevi \n\t\t\t\t<\/div>\n\t\t\t<\/div>\t\n\t\t<\/div><\/div>\n\t[\/vc_column_inner][vc_column_inner width=&#8221;1\/3&#8243;]\n\t\t<div class=\"rs-services1\">\n\t\t<div class=\"services-wrap  \"> \n         <div class=\"services-item\">\n            <div class=\"services-icon\">\n                <a href=\"#\"><i class=\"vc_icon_element-icon fas fa-wrench\"><\/i><\/a>\n             <\/div>\n        \n\t\t\t<div class=\"services-desc\">\n\t\t\t\t<h2 class=\"services-title\"><a href=\"#\">Ridotta manutenzione<\/a><\/h2>\n\t\t\t\t \n\t\t\t\t<\/div>\n\t\t\t<\/div>\t\n\t\t<\/div><\/div>\n\t\n\t\t<div class=\"rs-services1\">\n\t\t<div class=\"services-wrap  \"> \n         <div class=\"services-item\">\n            <div class=\"services-icon\">\n                <a href=\"#\"><i class=\"vc_icon_element-icon fas fa-hourglass-half\"><\/i><\/a>\n             <\/div>\n        \n\t\t\t<div class=\"services-desc\">\n\t\t\t\t<h2 class=\"services-title\"><a href=\"#\">Capacit\u00e0 di ricaricarsi nei tempi di non utilizzo<\/a><\/h2>\n\t\t\t\tsenza modificare i contratti di fornitura energetica \n\t\t\t\t<\/div>\n\t\t\t<\/div>\t\n\t\t<\/div><\/div>\n\t[\/vc_column_inner][vc_column_inner width=&#8221;1\/3&#8243;]\n\t\t<div class=\"rs-services1\">\n\t\t<div class=\"services-wrap  \"> \n         <div class=\"services-item\">\n            <div class=\"services-icon\">\n                <a href=\"#\"><i class=\"vc_icon_element-icon fas fa-calculator\"><\/i><\/a>\n             <\/div>\n        \n\t\t\t<div class=\"services-desc\">\n\t\t\t\t<h2 class=\"services-title\"><a href=\"#\">Possibilit\u00e0 di essere integrato<\/a><\/h2>\n\t\t\t\tin soluzioni estremamente customizzate \n\t\t\t\t<\/div>\n\t\t\t<\/div>\t\n\t\t<\/div><\/div>\n\t\n\t\t<div class=\"rs-services1\">\n\t\t<div class=\"services-wrap  \"> \n         <div class=\"services-item\">\n            <div class=\"services-icon\">\n                <a href=\"#\"><i class=\"vc_icon_element-icon fas fa-car-battery\"><\/i><\/a>\n             <\/div>\n        \n\t\t\t<div class=\"services-desc\">\n\t\t\t\t<h2 class=\"services-title\"><a href=\"#\">Grande capacit\u00e0 di carica<\/a><\/h2>\n\t\t\t\t \n\t\t\t\t<\/div>\n\t\t\t<\/div>\t\n\t\t<\/div><\/div>\n\t[\/vc_column_inner][\/vc_row_inner][\/vc_column][\/vc_row][vc_row full_width=&#8221;stretch_row&#8221; parallax=&#8221;content-moving&#8221; parallax_image=&#8221;8324&#8243;][vc_column][vc_row_inner][vc_column_inner width=&#8221;1\/3&#8243;][vc_single_image image=&#8221;7659&#8243; img_size=&#8221;full&#8221; css=&#8221;.vc_custom_1535542890833{margin-bottom: 0px !important;}&#8221;][\/vc_column_inner][vc_column_inner width=&#8221;2\/3&#8243;]\n        <div class=\"rs-heading   vc_custom_1675092610568 border-style \">\n        \t<div class=\"title-inner\">\n\t            \n\t            <h2>Sistema di manutenzione<\/h2>\n\t        <\/div><div class=\"description\"><p >L\u2019industrializzazione futura preveder\u00e0 un sistema di manutenzione supportato da un elevato livello di diagnostica remota. Tutti i punti ES-ESC saranno geolocalizzati e monitorati in tempo reale. Applicando tool software per la diagnostica predittiva, sar\u00e0 possibile ridurre in modo significativo i guasti improvvisi, determinando in questo modo, un\u2019alta efficienza del servizio. Il prodotto, in funzione dell\u2019hardware e software installati, sar\u00e0 completamente controllabile da remoto, in questo modo il cliente potr\u00e0 avere indicazioni su eventuali problemi di uso o malfunzionamenti.<\/p><\/div><\/div>[\/vc_column_inner][\/vc_row_inner][vc_separator color=&#8221;custom&#8221; accent_color=&#8221;#508b84&#8243;][vc_row_inner][vc_column_inner width=&#8221;2\/3&#8243;]\n        <div class=\"rs-heading   vc_custom_1675092724947 border-style \">\n        \t<div class=\"title-inner\">\n\t            \n\t            <h2>Sviluppi futuri<\/h2>\n\t        <\/div><div class=\"description\"><p >Possibili sviluppi futuri sono individuati nella ricerca di nuove soluzioni per l\u2019avanzamento della tecnologia dei supercap, particolarmente riguardo all\u2019aumento dell\u2019energia specifica grazie all\u2019utilizzo di nuove chimiche, materiali e architetture, garantendo comunque una ottima performance di sicurezza e potenza. Altri step necessari per il miglioramento del sistema saranno l\u2019ottimizzazione e l\u2019efficientamento dell\u2019elettronica di controllo e potenza, con relativa implementazione di sistemi smart per la raccolta dei dati e la loro facile interpretazione con previsione delle performance del device.<\/p><\/div><\/div>[\/vc_column_inner][vc_column_inner width=&#8221;1\/3&#8243;][vc_single_image image=&#8221;8426&#8243; img_size=&#8221;full&#8221; css=&#8221;.vc_custom_1677689216958{margin-bottom: 0px !important;}&#8221;][\/vc_column_inner][\/vc_row_inner][vc_separator color=&#8221;custom&#8221; accent_color=&#8221;#508b84&#8243;][vc_row_inner css=&#8221;.vc_custom_1677768031818{padding-bottom: 30px !important;}&#8221;][vc_column_inner width=&#8221;1\/3&#8243;][vc_single_image image=&#8221;8421&#8243; img_size=&#8221;full&#8221; css=&#8221;.vc_custom_1677689225382{margin-bottom: 0px !important;}&#8221;][\/vc_column_inner][vc_column_inner width=&#8221;2\/3&#8243;]\n        <div class=\"rs-heading   vc_custom_1675092779834 border-style \">\n        \t<div class=\"title-inner\">\n\t            \n\t            <h2>Una Sfida Sociale<\/h2>\n\t        <\/div><div class=\"description\"><p >Il Progetto rispecchia le priorit\u00e0 dettate dalla strategia Europa 2020 e affronta grandi preoccupazioni condivise dai cittadini europei e di altri paesi. Un approccio incentrato sulle sfide riunisce risorse e conoscenze provenienti da una molteplicit\u00e0 di settori, tecnologie e discipline, fra cui le scienze sociali e umanistiche. L&#8217;obiettivo della sfida sociale \u00e8, incentivare la diffusione di sistemi di trasporto elettrici, intelligenti, ecologici e integrati raggiungendo obiettivi di affidabilit\u00e0, sostenibilit\u00e0 e competitivit\u00e0, per introdurre un cambiamento radicale in termini di efficienza energetica e riduzione delle emissioni. Le attivit\u00e0 interessate da questo obiettivo specifico si concentrano sulla ricerca, lo sviluppo e la dimostrazione su scala reale di nuove tecnologie per l&#8217;uso sicuro, economico, ecologico e pratico di sistemi di alimentazione elettrica alternativi e caratterizzati da un basso tenore di emissioni ed un utilizzo sempre pi\u00f9 spinto delle fonti rinnovabili.<\/p><\/div><\/div>[\/vc_column_inner][\/vc_row_inner][\/vc_column][\/vc_row]<\/p>\n","protected":false},"excerpt":{"rendered":"<p>[vc_row full_width=&#8221;stretch_row&#8221; parallax=&#8221;content-moving&#8221; parallax_image=&#8221;8324&#8243; css=&#8221;.vc_custom_1675092577243{padding-top: 58px !important;padding-bottom: 0px !important;}&#8221; el_id=&#8221;about-me&#8221;][vc_column][vc_column_text]Il progetto del \u201cSistema di Alimentazione Ibrido ad Alto Spunto\u201d \u00e8 incentrato sulle&#8230;<\/p>\n","protected":false},"author":1,"featured_media":0,"parent":0,"menu_order":0,"comment_status":"closed","ping_status":"closed","template":"","meta":{"footnotes":""},"class_list":["post-8259","page","type-page","status-publish","hentry"],"acf":[],"_links":{"self":[{"href":"https:\/\/saias.it\/index.php?rest_route=\/wp\/v2\/pages\/8259","targetHints":{"allow":["GET"]}}],"collection":[{"href":"https:\/\/saias.it\/index.php?rest_route=\/wp\/v2\/pages"}],"about":[{"href":"https:\/\/saias.it\/index.php?rest_route=\/wp\/v2\/types\/page"}],"author":[{"embeddable":true,"href":"https:\/\/saias.it\/index.php?rest_route=\/wp\/v2\/users\/1"}],"replies":[{"embeddable":true,"href":"https:\/\/saias.it\/index.php?rest_route=%2Fwp%2Fv2%2Fcomments&post=8259"}],"version-history":[{"count":7,"href":"https:\/\/saias.it\/index.php?rest_route=\/wp\/v2\/pages\/8259\/revisions"}],"predecessor-version":[{"id":8388,"href":"https:\/\/saias.it\/index.php?rest_route=\/wp\/v2\/pages\/8259\/revisions\/8388"}],"wp:attachment":[{"href":"https:\/\/saias.it\/index.php?rest_route=%2Fwp%2Fv2%2Fmedia&parent=8259"}],"curies":[{"name":"wp","href":"https:\/\/api.w.org\/{rel}","templated":true}]}}