{"id":8250,"date":"2022-12-28T16:13:43","date_gmt":"2022-12-28T16:13:43","guid":{"rendered":"https:\/\/saias.it\/?page_id=8250"},"modified":"2023-03-01T17:04:13","modified_gmt":"2023-03-01T17:04:13","slug":"chi-siamo","status":"publish","type":"page","link":"https:\/\/saias.it\/?page_id=8250","title":{"rendered":"Chi Siamo"},"content":{"rendered":"<p>[vc_row full_width=&#8221;stretch_row&#8221; parallax=&#8221;content-moving&#8221; parallax_image=&#8221;8324&#8243; css=&#8221;.vc_custom_1677682823240{padding-top: 80px !important;padding-bottom: 60px !important;}&#8221;][vc_column width=&#8221;7\/12&#8243;]\n        <div class=\"rs-heading style1  vc_custom_1677690045502 border-style \">\n        \t<div class=\"title-inner\">\n\t            \n\t            <h2>opus automazione<\/h2>\n\t        <\/div><\/div>[vc_column_text]Presente sul mercato dal 1997, opus automazione \u00e8 un\u2019azienda specializzata nei settori dell\u2019automazione industriale, del monitoraggio ambientale, dell\u2019automotive e difesa e del Remote diagnostics analysis e field testing. Nel 2013 ha cambiato la propria forma societaria, passando da S.r.l. a S.p.A. ed incrementando il proprio capitale sociale versato.<\/p>\n<p>[\/vc_column_text][\/vc_column][vc_column width=&#8221;5\/12&#8243;][vc_tta_accordion active_section=&#8221;1&#8243; el_id=&#8221;rs-accordion&#8221; el_class=&#8221;rs-accordion&#8221;][vc_tta_section title=&#8221;Integratore di Sistema&#8221; tab_id=&#8221;struttura&#8221;][vc_column_text]<strong>Opus automazione<\/strong> ricopre il ruolo di \u201c<strong>integratore di sistema<\/strong>\u201d: \u00e8 in grado, cio\u00e8, di soddisfare le esigenze in diversi settori industriali, erogando un servizio altamente personalizzato e creato su misura per il cliente finale. Il mercato di sbocco della societ\u00e0 spazia dal settore dell\u2019Oil and Gas ai cementifici, dalle cartiere alle vetrerie, dai depuratori ai produttori di energia, dalle aziende chimiche alle acciaierie. Per le attivit\u00e0 di Automotive e Difesa, la societ\u00e0 realizza banchi prova e apparati per la caratterizzazione, la validazione e simulazione su nuovi prodotti o prototipi. Le attivit\u00e0 di Field Testing, Controlli Non Distruttivi e RMD, trovano applicazione essenzialmente nel settore Oil&amp;Gas, implementando prove su compressori rotativi e turbine ed integrando il servizio con una estesa attivit\u00e0 di Diagnostica Remota.[\/vc_column_text][\/vc_tta_section][\/vc_tta_accordion][\/vc_column][\/vc_row][vc_row full_width=&#8221;stretch_row&#8221; el_class=&#8221;whychoose video-choose&#8221; css=&#8221;.vc_custom_1677682796598{padding-top: 40px !important;padding-bottom: 50px !important;background-color: #f4f7fc !important;}&#8221; el_id=&#8221;why-choose-us&#8221;][vc_column el_class=&#8221;all-section-title&#8221;][vc_row_inner][vc_column_inner offset=&#8221;vc_col-sm-offset-0&#8243;]\n        <div class=\"rs-heading style1  vc_custom_1672848689563  \">\n        \t<div class=\"title-inner\">\n\t            \n\t            <h2>Innovazione<\/h2>\n\t        <\/div><\/div>[vc_column_text]Nel settore dell\u2019automazione industriale, oltre allo sviluppo di applicativi software di elevata complessit\u00e0 per il controllo di processo, opus automazione \u00e8 attiva nella progettazione e nella costruzione di sistemi per l\u2019analisi in continuo dei gas (sistemi di analisi in continuo per emissioni ai camini e qualit\u00e0 dell\u2019aria) e dei fluidi. L\u2019esperienza pluriennale acquisita in molteplici settori industriali, infatti, ha permesso di sviluppare e realizzare prodotti, come il DatiSME (Software Monitoraggio Emissioni in Continuo) e sistemi di campionamento custom per importanti centri di ricerca e sperimentazione. La squadra di lavoro dedicata alla manutenzione programmata dei sistemi di monitoraggio in continuo delle emissioni gassose e dei fluidi di processo consta di 10 tecnici specializzati nel 2018.<\/p>\n<p>Non fornendo un prodotto di serie, ma operando su commessa, il prodotto\/servizio viene progettato e realizzato ad hoc per ogni cliente: questo presuppone un\u2019elevata elasticit\u00e0 e dinamicit\u00e0 interna, anche a livello di risorse umane, che rappresentano un elemento essenziale di opus. Il mercato di riferimento dell\u2019azienda \u00e8 il business-to-business, quindi, il prodotto deve essere strettamente correlato al servizio apportato ed alla capacit\u00e0 di problem solving. Attualmente la societ\u00e0 si propone sul mercato internazionale e nazionale con servizi e prodotti tecnologicamente avanzati, standardizzati e\/o customizzati sulle specifiche esigenze del cliente, cooperando in maniera sinergica con i propri partner.[\/vc_column_text][\/vc_column_inner][\/vc_row_inner][\/vc_column][\/vc_row][vc_row full_width=&#8221;stretch_row&#8221; parallax=&#8221;content-moving&#8221; parallax_image=&#8221;8252&#8243;][vc_column][vc_empty_space height=&#8221;60px&#8221;]\n        <div class=\"rs-heading   vc_custom_1677690229779 border-style \">\n        \t<div class=\"title-inner\">\n\t            \n\t            <h2>L'attivit\u00e0 di R&amp;S<\/h2>\n\t        <\/div><\/div>[vc_column_text]<\/p>\n<p style=\"font-size: 18px;\">Esperienze e competenze in attivit\u00e0 di R&amp;S Ricerca e Sviluppo, innovazione e formazione sono i principali elementi che hanno permesso a Opus di raggiungere elevati standard qualitativi, di ampliare i propri orizzonti commerciali e di incrementare la propria quota di mercato.<br \/>\nLo spirito d\u2019impresa e la certezza che solo nell\u2019innovazione tecnologica sia possibile trovare nuove opportunit\u00e0 di crescita, ha portato la Opus Automazione a promuovere nel 2006 il CONTEST, Consorzio Tecnologie Speciali Toscane, in collaborazione con altre imprese toscane, tutte impegnate nella ricerca e nell\u2019innovazione dei prodotti e dei servizi.<br \/>\nL\u2019azienda guarda con attenzione alle opportunit\u00e0 offerte dall\u2019Unione Europea per lo sviluppo dei propri servizi\/prodotti ed ha partecipato con successo a numerosi bandi per potenziare le attivit\u00e0 in R&amp;S e incrementare le proprie opportunit\u00e0 di crescita.<\/p>\n<p>[\/vc_column_text][vc_empty_space height=&#8221;60px&#8221;][\/vc_column][\/vc_row][vc_row full_width=&#8221;stretch_row&#8221; content_placement=&#8221;middle&#8221; css=&#8221;.vc_custom_1677685030100{padding-top: 0px !important;padding-bottom: 0px !important;background-image: url(https:\/\/saias.it\/wp-content\/uploads\/2023\/03\/sfondosaias3-scaled.jpg?id=8423) !important;}&#8221; el_class=&#8221;about-video&#8221;][vc_column][vc_empty_space]\n        <div class=\"rs-heading   vc_custom_1677684859192 border-style \">\n        \t<div class=\"title-inner\">\n\t            \n\t            <h2 style=\"color: #ffffff\">Progetti<\/h2>\n\t        <\/div><\/div>[vc_column_text]<span style=\"color: #ffffff;\">Tra i progetti pi\u00f9 importanti realizzati dall\u2019azienda si menzionano:<\/span><\/p>\n<ul>\n<li><span style=\"color: #ffffff;\">il progetto PROG-SHIP, per lo sviluppo di una suite software gestionale nel settore della manutenzione nautica (Regione Toscana Por Creo, linea d&#8217;intervento 1.3.a Sostegno dello sviluppo precompetitivo delle PMI industriali &#8211; Bando 2009);<\/span><\/li>\n<li><span style=\"color: #ffffff;\">il progetto CLEARH2O, progetto transnazionale per il recupero e riuso, a scopo civile non alimentare, delle acque reflue derivanti da depuratori civili ed industriali (Regione Toscana Bando Era-SME 2009 &#8211; II Edizione);<\/span><\/li>\n<li><span style=\"color: #ffffff;\">il progetto ATENE (Advanced Technologies for Energy Efficiency), per lo sviluppo di un metodo di rilevazione automatica del guasto macchina che minimizzi le fermate per la riparazione (Regione Toscana POR CReO 2007-2013, Bando 2015);<\/span><\/li>\n<li><span style=\"color: #ffffff;\">il progetto TRIM (Tecnologia e Ricerca Industriale per la Mobilit\u00e0 Marina), con l\u2019obiettivo di accrescere la competitivit\u00e0 italiana nella produzione delle grandi navi da carico, delle navi da crociera e degli yacht, affrontando temi come i nuovi materiali, l\u2019efficienza energetica, la sicurezza del trasporto navale ed il comfort a bordo (Anno 2014- Ministero dell\u2019Universit\u00e0 e della Ricerca, Avviso n. 257\/Ric. del 30 maggio 2012 e ss.mm.ii. \u2013 CTN01_00176_163601 \u201cTRIM\u201d \u2013CLUSTER TRASPORTI ITALIA 2020 mezzi e sistemi per la mobilit\u00e0 di superficie terrestre e marina);<\/span><\/li>\n<li><span style=\"color: #ffffff;\">il progetto FUNCELL- Exploiting fungi potential for recalcitrant compounds removal from cellulosic wastewaters (MANUNETIII Progetti transnazionali 2017);<\/span><\/li>\n<li><span style=\"color: #ffffff;\">il progetto NANOMATUBAM &#8211; Nano-materiali e compositi per l\u2019estrusione di tubi multistrato in applicazioni avanzate legate alla sostenibilit\u00e0 ambientale (Regione Toscana- Bando 1 POR FESR Toscana 2014-2020 ASSE 1.1.5);<\/span><\/li>\n<li><span style=\"color: #ffffff;\">Il progetto CAPACITY, Cavi altamente performanti e ad elevata sostenibilit\u00e0 per trasporto di energia e connettivit\u00e0, mediante sviluppo e caratterizzazione di materiali innovativi nanostrutturati. Bando 1 \u201cProgetti Strategici di ricerca e sviluppo\u201d POR FESR 2014- 2020 \u2013 azione 1.1.5 sub-azione a1<\/span><\/li>\n<li><span style=\"color: #ffffff;\">il progetto FIBERCABLE4.0, Cavi innovativi in fibra ottica per trasmissione dati altamente performanti e a zero-rilascio di sostanze tossiche in acqua potabile, per consentire l\u2019adozione in Italia delle tecnologie di connessione 5G e superiori dati i vincoli infrastrutturali esistenti. REGIONE TOSCANA POR CreO FESR 2014-2020, AZIONE 1.1.5 sub A1- BANDO n.1: Progetti Strategici di ricerca e sviluppo).<\/span><\/li>\n<\/ul>\n<p>[\/vc_column_text][vc_column_text]<span style=\"color: #ffffff;\">Anche la scelta di affiliarsi a ARTES 4.0 (Advanced Robotics and enabling digital Technologies &amp; Systems) nel 2018 nasce dall\u2019interesse che l\u2019azienda ha storicamente dimostrato per il settore della Ricerca &amp; Sviluppo, nella convinzione che questo abbia un ruolo fondamentale per mantenere competitivit\u00e0 sul mercato, in particolare in ambito 4.0.<\/span><\/p>\n<p><span style=\"color: #ffffff;\">Nel 2019 opus ha poi vinto il bando co-finanziato dal PON Imprese e Competitivit\u00e0 2014-2021-Fondo Crescita Sostenibile \u2013 Sportello \u201cFabbrica Intelligente\u201d PON I&amp;C 2014-2020 di cui al D.M. 5 Marzo 2018 Capo III. Con il PROGETTO TME (Processo Automatico per l\u2019Implementazione di Tecnologie per la Mobilit\u00e0 Efficiente Navale). Il progetto R&amp;S TME \u00e8 finalizzato a sperimentare una nuova tecnologia di automazione<\/span><\/p>\n<p><span style=\"color: #ffffff;\">per la riconversione del parco natanti in circolazione con conseguente miglioramento dell\u2019impatto ambientale. In particolare, il progetto consentir\u00e0 di dotare le imbarcazioni di un sistema per ridurre l\u2019attrito idrodinamico mediante appendici FOIL e di un sistema di propulsione maggiormente ecologico e dotato di tecnologia dual fuel\/ibrida elettrica.<\/span><\/p>\n<p><span style=\"color: #ffffff;\">Questo \u00e8 un progetto di ampio respiro, grossa dotazione finanziaria e obiettivi ambizioni, soprattutto dal punto di vista del risparmio energetico e di abbattimento delle emissioni inquinanti.<\/span><\/p>\n<p><span style=\"color: #ffffff;\">Per la realizzazione dello stesso opus ha aperto una unit\u00e0 locale in Campania, a Bacoli (NA) in cui sono dislocati 4 ingegneri, elettronici e informatici, dedicati all\u2019attivit\u00e0 di ricerca e sviluppo del progetto.<\/span>[\/vc_column_text][\/vc_column][\/vc_row]<\/p>\n","protected":false},"excerpt":{"rendered":"<p>[vc_row full_width=&#8221;stretch_row&#8221; parallax=&#8221;content-moving&#8221; parallax_image=&#8221;8324&#8243; css=&#8221;.vc_custom_1677682823240{padding-top: 80px !important;padding-bottom: 60px !important;}&#8221;][vc_column width=&#8221;7\/12&#8243;][vc_column_text]Presente sul mercato dal 1997, opus automazione \u00e8 un\u2019azienda specializzata nei settori dell\u2019automazione&#8230;<\/p>\n","protected":false},"author":1,"featured_media":0,"parent":0,"menu_order":0,"comment_status":"closed","ping_status":"closed","template":"","meta":{"footnotes":""},"class_list":["post-8250","page","type-page","status-publish","hentry"],"acf":[],"_links":{"self":[{"href":"https:\/\/saias.it\/index.php?rest_route=\/wp\/v2\/pages\/8250","targetHints":{"allow":["GET"]}}],"collection":[{"href":"https:\/\/saias.it\/index.php?rest_route=\/wp\/v2\/pages"}],"about":[{"href":"https:\/\/saias.it\/index.php?rest_route=\/wp\/v2\/types\/page"}],"author":[{"embeddable":true,"href":"https:\/\/saias.it\/index.php?rest_route=\/wp\/v2\/users\/1"}],"replies":[{"embeddable":true,"href":"https:\/\/saias.it\/index.php?rest_route=%2Fwp%2Fv2%2Fcomments&post=8250"}],"version-history":[{"count":17,"href":"https:\/\/saias.it\/index.php?rest_route=\/wp\/v2\/pages\/8250\/revisions"}],"predecessor-version":[{"id":8431,"href":"https:\/\/saias.it\/index.php?rest_route=\/wp\/v2\/pages\/8250\/revisions\/8431"}],"wp:attachment":[{"href":"https:\/\/saias.it\/index.php?rest_route=%2Fwp%2Fv2%2Fmedia&parent=8250"}],"curies":[{"name":"wp","href":"https:\/\/api.w.org\/{rel}","templated":true}]}}