{"id":8228,"date":"2022-12-28T14:54:36","date_gmt":"2022-12-28T14:54:36","guid":{"rendered":"https:\/\/saias.it\/?page_id=8228"},"modified":"2024-04-10T15:57:33","modified_gmt":"2024-04-10T15:57:33","slug":"home-copy","status":"publish","type":"page","link":"https:\/\/saias.it\/","title":{"rendered":"Homepage SAIAS"},"content":{"rendered":"<p>[vc_row full_width=&#8221;stretch_row_content&#8221; content_placement=&#8221;middle&#8221; css=&#8221;.vc_custom_1675089809980{padding-top: 0px !important;padding-bottom: 0px !important;background-color: #f4f7fc !important;}&#8221; el_class=&#8221;about-video&#8221;][vc_column width=&#8221;3\/4&#8243; css=&#8221;.vc_custom_1531737614427{padding-top: 50px !important;padding-right: 50px !important;padding-bottom: 50px !important;padding-left: 50px !important;}&#8221;][vc_column_text]<strong>Negli ultimi trent\u2019anni<\/strong> il panorama mondiale, tutto, \u00e8 stato oggetto dei pi\u00f9 grandiosi cambiamenti. Gli straordinari risultati ottenuti da un consistente sviluppo della scienza e della tecnica sono ormai penetrati in ogni angolo del mercato. Ancor pi\u00f9, i profondi mutamenti, attuati in favore di uno sfruttamento pi\u00f9 ragionato delle risorse energetiche mondiali, non ha lasciato indietro alcun settore. Dunque, ogni opera di rielaborazione, rivalutazione e adattamento nei confronti del motore elettrico, \u00e8 stata praticata al fine di dar ragione alle continue evoluzioni (e\/o parallelamente involuzioni) del mercato ed ottenere vantaggi in termini di performance e economici ed ambientali.<\/p>\n<p><strong>Ad oggi<\/strong>, la consapevolezza del fatto che le risorse energetiche di cui si dispone non potranno assecondare per sempre i bisogni dell\u2019uomo, unitamente all\u2019inesorabile, costante, aumento del prezzo dei combustibili fossili, sono i fattori che maggiormente contribuiscono alla realizzazione di tecniche di alimentazione sostitutive. Se si aggiunge poi, la grave problematica dell\u2019inquinamento che affligge il pianeta, si capisce perch\u00e9 gli sforzi siano orientati allo sviluppo sempre pi\u00f9 efficiente di sistemi tecnologici per la generazione, la conservazione e l\u2019utilizzo di fonti rinnovabili.<\/p>\n<p><strong>L\u2019idea progettuale<\/strong> nasce da un\u2019esigenza ambientale, la diffusione del mercato EV. Tale obiettivo risulta attualmente estremamente limitato a causa dell\u2019ancor poco diffusa tecnologia nell\u2019ambito dei sistemi di ricarica.<\/p>\n<p><strong>Tempi lunghi di ricarica<\/strong>, <strong>difficolt\u00e0 nel reperire gli spazi necessari<\/strong> all\u2019allestimento di stazioni di ricarica, <strong>necessit\u00e0 di stoccare energia rinnovabile<\/strong> per un rapido utilizzo, difficolt\u00e0 nel distribuire energia prelevata in maniera diretta da impianti quali, eolici, termici, solari, idrici e geotermici, sono alcuni dei problemi che limitano la diffusione di questa tecnologia in centri abitati anche di medie dimensioni.<\/p>\n<p>Tali difficolt\u00e0 tendono ad aumentare sensibilmente in citt\u00e0 medie, grandi o citt\u00e0 storiche e\/o in centri rurali di difficile efficientamento. Occorre studiare e proporre soluzioni realmente cantierabili ed in tempi veloci, sistemi a ridotto ingombro ed impatto zero nel layout cittadino, in grado di \u201ccaricarsi lentamente\u201d di notte e fornire grandi quantit\u00e0 di energia di giorno, modulabili e che possano lavorare in un network dell\u2019energia.[\/vc_column_text][\/vc_column][vc_column width=&#8221;1\/4&#8243; css=&#8221;.vc_custom_1675101602579{padding-top: 0px !important;}&#8221;][vc_single_image image=&#8221;8410&#8243; img_size=&#8221;full&#8221;][\/vc_column][\/vc_row][vc_row full_width=&#8221;stretch_row_content_no_spaces&#8221; el_class=&#8221;whychoose&#8221; css=&#8221;.vc_custom_1655484095676{margin-bottom: 0px !important;padding-top: 0px !important;padding-bottom: 0px !important;background-color: #f4f7fc !important;}&#8221; el_id=&#8221;why-choose-us&#8221;][vc_column el_class=&#8221;all-section-title&#8221; css=&#8221;.vc_custom_1531734827560{padding-top: 0px !important;}&#8221;][vc_row_inner content_placement=&#8221;middle&#8221; css=&#8221;.vc_custom_1655484103552{margin-bottom: 0px !important;padding-top: 0px !important;}&#8221;][vc_column_inner width=&#8221;1\/4&#8243;][vc_single_image image=&#8221;8421&#8243; img_size=&#8221;full&#8221;][\/vc_column_inner][vc_column_inner width=&#8221;3\/4&#8243; css=&#8221;.vc_custom_1655484128607{padding-top: 50px !important;padding-right: 50px !important;padding-bottom: 0px !important;padding-left: 50px !important;}&#8221;]\n        <div class=\"rs-heading   vc_custom_1675089885613 border-style \">\n        \t<div class=\"title-inner\">\n\t            \n\t            <h2>Progetto SAIAS<\/h2>\n\t        <\/div><\/div>[vc_column_text]Il progetto del \u201c<strong>Sistema di Alimentazione Ibrido ad Alto Spunto<\/strong>\u201d \u00e8 incentrato sulle attivit\u00e0 di ricerca industriale e sviluppo sperimentale per la realizzazione di un sistema in grado, attraverso una tecnologia innovativa e un\u2019architettura ibrida e connessa alle comuni batterie, di immagazzinare un\u2019elevata quantit\u00e0 di energia che pu\u00f2 fornire, in caso di necessit\u00e0, elevate potenze.<\/p>\n<p>L\u2019energia potr\u00e0 essere accumulata ad esempio nelle ore notturne quando i carichi elettrici da cui attingere sono maggiormente disponibili e\/o provenire da fonti rinnovabili.<\/p>\n<p>Il sistema permetter\u00e0 di accumulare l\u2019energia necessaria a soddisfare un certo numero di ricariche giornaliere che, in pochissimo tempo (nell\u2019ordine di pochi minuti) possano garantire un certo kilometraggio in un contesto come quello della mobilit\u00e0 in ambito cittadino.<\/p>\n<p>Rispetto alla tecnologia oggi conosciuta, tale sistema presenta una forte innovazione legata sia a concetti di integrazione in contesti urbani, industriali e rurali senza modificarne l\u2019architettura; sia di permettere l\u2019accumulo nelle ore a minore impatto energetico come ad esempio negli orari notturni, di grosse quantit\u00e0 di energia; sia fornire in pochi minuti un adeguato carico energetico.[\/vc_column_text][\/vc_column_inner][\/vc_row_inner][\/vc_column][\/vc_row][vc_row full_width=&#8221;stretch_row&#8221; content_placement=&#8221;middle&#8221; parallax=&#8221;content-moving&#8221; parallax_image=&#8221;8324&#8243; css_animation=&#8221;none&#8221; css=&#8221;.vc_custom_1675088940646{padding-top: 65px !important;padding-bottom: 70px !important;}&#8221; el_id=&#8221;business-services&#8221;][vc_column][vc_row_inner][vc_column_inner width=&#8221;1\/2&#8243;]\n\t\t<div class=\"rs-services1\">\n\t\t<div class=\"services-wrap  \"> \n         <div class=\"services-item\">\n            <div class=\"services-icon\">\n                <a href=\"#\"><i class=\"vc_icon_element-icon vc_li vc_li-lab\"><\/i><\/a>\n             <\/div>\n        \n\t\t\t<div class=\"services-desc\">\n\t\t\t\t<h2 class=\"services-title\"><a href=\"#\">Responsabile Scientifico<\/a><\/h2>\n\t\t\t\tResponsabile tecnico\/scientifico del progetto \u00e8 <strong>Gabriele Cavicchioli<\/strong>.<\/p>\n<p>Settori professionali: Ingegneria; Automazione industriale; Impianti industriali; Scouting tecnologico; Startup; Difesa; Automotive; Monitoraggio ambientale; Programmazione software; Industria 4.0; Controllo di gestione; project management; prototipazione. \n\t\t\t\t<\/div>\n\t\t\t<\/div>\t\n\t\t<\/div><\/div>\n\t[\/vc_column_inner][vc_column_inner width=&#8221;1\/2&#8243;]\n\t\t<div class=\"rs-services1\">\n\t\t<div class=\"services-wrap  \"> \n         <div class=\"services-item\">\n            <div class=\"services-icon\">\n                <a href=\"#\"><i class=\"vc_icon_element-icon vc_li vc_li-like\"><\/i><\/a>\n             <\/div>\n        \n\t\t\t<div class=\"services-desc\">\n\t\t\t\t<h2 class=\"services-title\"><a href=\"#\">Obiettivi<\/a><\/h2>\n\t\t\t\tRealizzazione di un sistema in grado, attraverso una tecnologia innovativa e un\u2019architettura ibrida e connessa alle comuni batterie, di immagazzinare un\u2019elevata quantit\u00e0 di energia che pu\u00f2 fornire, in caso di necessit\u00e0, elevate potenze. \n\t\t\t\t<\/div>\n\t\t\t<\/div>\t\n\t\t<\/div><\/div>\n\t\n\t\t<div class=\"rs-services1\">\n\t\t<div class=\"services-wrap  \"> \n         <div class=\"services-item\">\n            <div class=\"services-icon\">\n                <a href=\"#\"><i class=\"vc_icon_element-icon vc_li vc_li-calendar\"><\/i><\/a>\n             <\/div>\n        \n\t\t\t<div class=\"services-desc\">\n\t\t\t\t<h2 class=\"services-title\"><a href=\"#\">Cronoprogramma<\/a><\/h2>\n\t\t\t\tPer il raggiungimento dello scopo progettuale si sono individuati, nel corso dei 12 mesi, degli obiettivi realizzativi a cui corrisponderanno delle attivit\u00e0 di ricerca \n\t\t\t\t<\/div>\n\t\t\t<\/div>\t\n\t\t<\/div><\/div>\n\t[\/vc_column_inner][\/vc_row_inner][\/vc_column][\/vc_row][vc_row full_width=&#8221;stretch_row&#8221; content_placement=&#8221;middle&#8221; css_animation=&#8221;none&#8221; css=&#8221;.vc_custom_1675089006676{padding-top: 65px !important;padding-bottom: 70px !important;background-color: #f4f7fc !important;background-position: 0 0 !important;background-repeat: repeat !important;}&#8221; el_id=&#8221;business-services&#8221;][vc_column css=&#8221;.vc_custom_1525510700234{background-position: center !important;background-repeat: no-repeat !important;background-size: cover !important;}&#8221;][vc_row_inner][vc_column_inner]\n        <div class=\"rs-heading   vc_custom_1656069329084  center\">\n        \t<div class=\"title-inner\">\n\t            \n\t            <h2>RIS 3 CAMPANIA<\/h2>\n\t        <\/div><\/div>[vc_column_text]<\/p>\n<p style=\"text-align: center;\">Il progetto SAIAS si colloca nel Dominio tecnologico-produttivo ENERGIA&amp;AMBIENTE, intercettando in particolare due ambiti di intervento:<\/p>\n<p style=\"text-align: center;\"><strong>1.<\/strong> <span style=\"color: #508a83;\"><strong>Metodologie, Tecnologie e Apparecchiature per l\u2019accumulo di energia e la gestione delle reti, intercettando la traiettoria tecnologica prioritaria EA07 &#8220;Sviluppo delle tecnologie per i sistemi di accumulo e di scambio, sia sotto l&#8217;aspetto dello sviluppo degli apparati che dei materiali applicati&#8221;<\/strong><\/span><\/p>\n<p style=\"text-align: center;\"><strong>2.<\/strong> <span style=\"color: #508a83;\"><strong>Smart Energy, intercettando la traiettoria tecnologica prioritaria EA14 &#8220;Sviluppo di sistemi di poligenerazione ed accumulo\u201d<\/strong><\/span><\/p>\n<p style=\"text-align: center;\">Nel contesto campano, \u00e8 da evidenziare che la regione ad oggi non ricopre un ruolo significativo per ci\u00f2 che concerne l\u2019implementazione di sistemi di ricarica utilizzabili dagli utenti. Il problema maggiore \u00e8 legato sia all\u2019esigenza di sistemi che siano efficienti cos\u00ec da ridurre di percentuali significative il tempo di ricarica, sia al problema dell\u2019integrazione di tali sistemi con le infrastrutture locali considerando lo sviluppo urbanistico che risulta ad altissima intensit\u00e0 e con pochissimo spazio a disposizione.<\/p>\n<p>[\/vc_column_text][vc_empty_space]\n        <div class=\"rs-heading   vc_custom_1656069358609  center\">\n        \t<div class=\"title-inner\">\n\t            \n\t            <h2>SVILUPPO SOSTENIBILE<\/h2>\n\t        <\/div><\/div>[vc_column_text]<\/p>\n<p style=\"text-align: center;\">L\u2019attenzione per l\u2019ambiente \u00e8 una caratteristica intrinseca alla filosofia Opus; il settore ambiente si fonda, infatti, sulla consapevolezza dell\u2019importanza del controllo dell\u2019impatto antropico sull\u2019ambiente, nelle sue varie forme, finalizzato alla sua riduzione o correzione.<\/p>\n<p style=\"text-align: center;\"><span style=\"color: #508a83;\"><strong>DISTRIBUZIONE ENERGETICA | STOCCAGGIO DELL\u2019ENERGIA ELETTRICA | SVILUPPO GREEN<\/strong><\/span><\/p>\n<p style=\"text-align: center;\">Il progetto SAIAS intende proporsi come una sfida tecnologica innovativa nell\u2019ambito del riuso dell\u2019energia immagazzinata, mirando ad un effetto che potrebbe essere di accelerazione rispetto all\u2019ormai necessaria conversione energetica. Tali sistemi troverebbero ampia applicazione in ambito industriale e consumer, con un impatto forte in termini di abbattimento delle emissioni e di efficientamento energetico, in linea con le indicazioni e le finalit\u00e0 individuate dalla Commissione Europea, sugli aspetti di sicurezza ambientale che tanto fortemente incidono sulla qualit\u00e0 di vita dei cittadini e sul loro benessere.<\/p>\n<p>[\/vc_column_text][\/vc_column_inner][\/vc_row_inner][\/vc_column][\/vc_row][vc_row full_width=&#8221;stretch_row&#8221; parallax=&#8221;content-moving&#8221; parallax_image=&#8221;8324&#8243; css_animation=&#8221;none&#8221; el_class=&#8221;whychoose&#8221; css=&#8221;.vc_custom_1675088979938{padding-top: 65px !important;padding-bottom: 75px !important;}&#8221; el_id=&#8221;business-services&#8221;][vc_column el_class=&#8221;all-section-title&#8221;][vc_row_inner][vc_column_inner width=&#8221;1\/2&#8243; offset=&#8221;vc_col-sm-offset-0&#8243;][vc_single_image image=&#8221;8428&#8243; img_size=&#8221;full&#8221;][\/vc_column_inner][vc_column_inner width=&#8221;1\/2&#8243; css=&#8221;.vc_custom_1531897888548{padding-left: 35px !important;}&#8221; offset=&#8221;vc_hidden-sm vc_hidden-xs&#8221;]\n        <div class=\"rs-heading style1  vc_custom_1654853873338 quote-style \">\n        \t<div class=\"title-inner\">\n\t            \n\t            <h2>Chi Siamo<\/h2>\n\t        <\/div><\/div>[vc_column_text]<\/p>\n<h4>OPUS S.p.A.<\/h4>\n<p>Presente sul mercato dal 1997, opus automazione \u00e8 un\u2019azienda specializzata nei settori dell\u2019automazione industriale, del monitoraggio ambientale, dell\u2019automotive e difesa e del Remote diagnostics analysis e field testing.<\/p>\n<p><a class=\"readon-border\" href=\"\/chi-siamo\">Chi Siamo<\/a>[\/vc_column_text][\/vc_column_inner][\/vc_row_inner][\/vc_column][\/vc_row][vc_row full_width=&#8221;stretch_row&#8221; content_placement=&#8221;middle&#8221; css_animation=&#8221;none&#8221; css=&#8221;.vc_custom_1686064728735{padding-top: 60px !important;padding-bottom: 0px !important;background-image: url(https:\/\/saias.it\/wp-content\/uploads\/2023\/01\/sfondo-contatti-home2.jpg?id=8301) !important;background-position: center !important;background-repeat: no-repeat !important;background-size: cover !important;}&#8221; el_id=&#8221;home-testimonial&#8221; el_class=&#8221;overflow-visible quicksearch&#8221;][vc_column width=&#8221;1\/2&#8243; el_class=&#8221;quick-contact&#8221;]\n        <div class=\"rs-heading style2 light   \">\n        \t<div class=\"title-inner\">\n\t            \n\t            <h2 style=\"color: #ffffff\">Scrivici Adesso<\/h2>\n\t        <\/div><\/div>\n<div class=\"wpcf7 no-js\" id=\"wpcf7-f255-o1\" lang=\"en-US\" dir=\"ltr\">\n<div class=\"screen-reader-response\"><p role=\"status\" aria-live=\"polite\" aria-atomic=\"true\"><\/p> <ul><\/ul><\/div>\n<form action=\"\/index.php?rest_route=%2Fwp%2Fv2%2Fpages%2F8228#wpcf7-f255-o1\" method=\"post\" class=\"wpcf7-form init\" aria-label=\"Contact form\" novalidate=\"novalidate\" data-status=\"init\">\n<div style=\"display: none;\">\n<input type=\"hidden\" name=\"_wpcf7\" value=\"255\" \/>\n<input type=\"hidden\" name=\"_wpcf7_version\" value=\"5.9.3\" \/>\n<input type=\"hidden\" name=\"_wpcf7_locale\" value=\"en_US\" \/>\n<input type=\"hidden\" name=\"_wpcf7_unit_tag\" value=\"wpcf7-f255-o1\" \/>\n<input type=\"hidden\" name=\"_wpcf7_container_post\" value=\"0\" \/>\n<input type=\"hidden\" name=\"_wpcf7_posted_data_hash\" value=\"\" \/>\n<input type=\"hidden\" name=\"_wpcf7_recaptcha_response\" value=\"\" \/>\n<\/div>\n<div class=\"contact-form\">\n\t<p><br \/>\n<span class=\"wpcf7-form-control-wrap\" data-name=\"your-name\"><input size=\"40\" class=\"wpcf7-form-control wpcf7-text wpcf7-validates-as-required\" aria-required=\"true\" aria-invalid=\"false\" placeholder=\"Nome\" value=\"\" type=\"text\" name=\"your-name\" \/><\/span><br \/>\n<span class=\"wpcf7-form-control-wrap\" data-name=\"your-email\"><input size=\"40\" class=\"wpcf7-form-control wpcf7-email wpcf7-validates-as-required wpcf7-text wpcf7-validates-as-email\" aria-required=\"true\" aria-invalid=\"false\" placeholder=\"E-Mail\" value=\"\" type=\"email\" name=\"your-email\" \/><\/span><br \/>\n<span class=\"wpcf7-form-control-wrap\" data-name=\"your-phone\"><input size=\"40\" class=\"wpcf7-form-control wpcf7-text wpcf7-validates-as-required\" aria-required=\"true\" aria-invalid=\"false\" placeholder=\"Telefono\" value=\"\" type=\"text\" name=\"your-phone\" \/><\/span><br \/>\n<span class=\"wpcf7-form-control-wrap\" data-name=\"your-message\"><textarea cols=\"40\" rows=\"10\" class=\"wpcf7-form-control wpcf7-textarea\" aria-invalid=\"false\" placeholder=\"Come possiamo aiutarti?\" name=\"your-message\"><\/textarea><\/span>\n\t<\/p>\n<\/div>\n<p><span class=\"wpcf7-form-control-wrap\" data-name=\"acceptance-184\"><span class=\"wpcf7-form-control wpcf7-acceptance\"><span class=\"wpcf7-list-item\"><label><input type=\"checkbox\" name=\"acceptance-184\" value=\"1\" aria-invalid=\"false\" \/><span class=\"wpcf7-list-item-label\">Dichiaro di aver preso visione dell'<a href=\"\/privacy-policy\/\">informativa privacy<\/a> riportata e consento il trattamento dei dati forniti conformemente a quanto previsto.<\/span><\/label><\/span><\/span><\/span>\n<\/p>\n<div class=\"form-button\">\n\t<p><input class=\"wpcf7-form-control wpcf7-submit has-spinner\" type=\"submit\" value=\"Invia Messaggio\" \/>\n\t<\/p>\n<\/div><div class=\"wpcf7-response-output\" aria-hidden=\"true\"><\/div>\n<\/form>\n<\/div>\n[\/vc_column][vc_column width=&#8221;1\/2&#8243; css=&#8221;.vc_custom_1531893957509{padding-top: 0px !important;padding-bottom: 30px !important;}&#8221;][\/vc_column][\/vc_row]<\/p>\n","protected":false},"excerpt":{"rendered":"<p>[vc_row full_width=&#8221;stretch_row_content&#8221; content_placement=&#8221;middle&#8221; css=&#8221;.vc_custom_1675089809980{padding-top: 0px !important;padding-bottom: 0px !important;background-color: #f4f7fc !important;}&#8221; el_class=&#8221;about-video&#8221;][vc_column width=&#8221;3\/4&#8243; css=&#8221;.vc_custom_1531737614427{padding-top: 50px !important;padding-right: 50px !important;padding-bottom: 50px !important;padding-left: 50px !important;}&#8221;][vc_column_text]Negli ultimi&#8230;<\/p>\n","protected":false},"author":1,"featured_media":0,"parent":0,"menu_order":0,"comment_status":"closed","ping_status":"closed","template":"","meta":{"footnotes":""},"class_list":["post-8228","page","type-page","status-publish","hentry"],"acf":[],"_links":{"self":[{"href":"https:\/\/saias.it\/index.php?rest_route=\/wp\/v2\/pages\/8228","targetHints":{"allow":["GET"]}}],"collection":[{"href":"https:\/\/saias.it\/index.php?rest_route=\/wp\/v2\/pages"}],"about":[{"href":"https:\/\/saias.it\/index.php?rest_route=\/wp\/v2\/types\/page"}],"author":[{"embeddable":true,"href":"https:\/\/saias.it\/index.php?rest_route=\/wp\/v2\/users\/1"}],"replies":[{"embeddable":true,"href":"https:\/\/saias.it\/index.php?rest_route=%2Fwp%2Fv2%2Fcomments&post=8228"}],"version-history":[{"count":26,"href":"https:\/\/saias.it\/index.php?rest_route=\/wp\/v2\/pages\/8228\/revisions"}],"predecessor-version":[{"id":8512,"href":"https:\/\/saias.it\/index.php?rest_route=\/wp\/v2\/pages\/8228\/revisions\/8512"}],"wp:attachment":[{"href":"https:\/\/saias.it\/index.php?rest_route=%2Fwp%2Fv2%2Fmedia&parent=8228"}],"curies":[{"name":"wp","href":"https:\/\/api.w.org\/{rel}","templated":true}]}}